{"id":7641,"date":"2021-04-08T12:10:01","date_gmt":"2021-04-08T17:10:01","guid":{"rendered":"https:\/\/movelac.com\/online\/?page_id=7641"},"modified":"2024-12-11T00:21:37","modified_gmt":"2024-12-11T05:21:37","slug":"restablecer-contrasena","status":"publish","type":"page","link":"https:\/\/movelac.com\/online\/es\/restablecer-contrasena\/","title":{"rendered":"Restablecer contrase\u00f1a"},"content":{"rendered":"\t\t<div data-elementor-type=\"wp-page\" data-elementor-id=\"7641\" class=\"elementor elementor-7641\" data-elementor-settings=\"[]\">\n\t\t\t\t\t\t<div class=\"elementor-inner\">\n\t\t\t\t\t\t\t<div class=\"elementor-section-wrap\">\n\t\t\t\t\t\t\t<section class=\"elementor-section elementor-top-section elementor-element elementor-element-2a7fcff elementor-section-boxed elementor-section-height-default elementor-section-height-default\" data-id=\"2a7fcff\" data-element_type=\"section\">\n\t\t\t\t\t\t<div class=\"elementor-container elementor-column-gap-default\">\n\t\t\t\t\t\t\t<div class=\"elementor-row\">\n\t\t\t\t\t<div class=\"elementor-column elementor-col-100 elementor-top-column elementor-element elementor-element-6d09c2a\" data-id=\"6d09c2a\" data-element_type=\"column\">\n\t\t\t<div class=\"elementor-column-wrap elementor-element-populated\">\n\t\t\t\t\t\t\t<div class=\"elementor-widget-wrap\">\n\t\t\t\t\t\t<div class=\"elementor-element elementor-element-46af81a elementor-widget elementor-widget-spacer\" data-id=\"46af81a\" data-element_type=\"widget\" data-widget_type=\"spacer.default\">\n\t\t\t\t<div class=\"elementor-widget-container\">\n\t\t\t\t\t<div class=\"elementor-spacer\">\n\t\t\t<div class=\"elementor-spacer-inner\"><\/div>\n\t\t<\/div>\n\t\t\t\t<\/div>\n\t\t\t\t<\/div>\n\t\t\t\t\t\t<\/div>\n\t\t\t\t\t<\/div>\n\t\t<\/div>\n\t\t\t\t\t\t\t\t<\/div>\n\t\t\t\t\t<\/div>\n\t\t<\/section>\n\t\t\t\t<section class=\"elementor-section elementor-top-section elementor-element elementor-element-75ee157 elementor-section-boxed elementor-section-height-default elementor-section-height-default\" data-id=\"75ee157\" data-element_type=\"section\" data-settings=\"{&quot;background_background&quot;:&quot;classic&quot;}\">\n\t\t\t\t\t\t<div class=\"elementor-container elementor-column-gap-default\">\n\t\t\t\t\t\t\t<div class=\"elementor-row\">\n\t\t\t\t\t<div class=\"elementor-column elementor-col-100 elementor-top-column elementor-element elementor-element-1338de2\" data-id=\"1338de2\" data-element_type=\"column\">\n\t\t\t<div class=\"elementor-column-wrap elementor-element-populated\">\n\t\t\t\t\t\t\t<div class=\"elementor-widget-wrap\">\n\t\t\t\t\t\t<div class=\"elementor-element elementor-element-5f66ad4 elementor-widget elementor-widget-shortcode\" data-id=\"5f66ad4\" data-element_type=\"widget\" data-widget_type=\"shortcode.default\">\n\t\t\t\t<div class=\"elementor-widget-container\">\n\t\t\t\t\t<div class=\"elementor-shortcode\">\r\n<div id=\"password-lost-form-wrap\">\r\n\r\n\t\r\n\t\r\n\t<form id=\"lostpasswordform\" method=\"post\" class=\"account-page-form\">\r\n\t\t<fieldset>\r\n\t\t\t<legend>Restablecer la contrase\u00f1a<\/legend>\r\n\r\n\t\t\t<div class=\"somfrp-lost-pass-form-text\">\r\n\t\t\t\t<p class=\"extra-space\">Por favor, introduce tu direcci\u00f3n de correo electr\u00f3nico o tu nombre de usuario. Recibir\u00e1s un enlace por correo electr\u00f3nico para crear una nueva contrase\u00f1a.<\/p>\t\t\t<\/div>\r\n\r\n\t\t\t<p class=\"no-margin\">\r\n\t\t\t\t<label for=\"email\">Direcci\u00f3n de correo electr\u00f3nico o nombre de usuario<\/label>\r\n\t\t\t\t<input type=\"text\" name=\"somfrp_user_info\" id=\"somfrp_user_info\">\r\n\t\t\t<\/p>\r\n\r\n\t\t\t<div class=\"lostpassword-submit\">\r\n\t\t\t\t<input type=\"hidden\" id=\"somfrp_nonce\" name=\"somfrp_nonce\" value=\"dc30951cee\" \/><input type=\"hidden\" name=\"_wp_http_referer\" value=\"\/online\/wp-json\/wp\/v2\/pages\/7641\" \/>\t\t\t\t<input type=\"hidden\" name=\"submitted\" id=\"submitted\" value=\"true\">\r\n\t\t\t\t<input type=\"hidden\" name=\"somfrp_action\" id=\"somfrp_post_action\" value=\"somfrp_lost_pass\">\r\n\t\t\t\t<button type=\"submit\" id=\"reset-pass-submit\" name=\"reset-pass-submit\" class=\"button big-btn\">Restablecer la contrase\u00f1a<\/button>\r\n\t\t\t<\/div>\r\n\r\n\t\t<\/fieldset>\r\n\t<\/form>\r\n\r\n<\/div><\/div>\n\t\t\t\t<\/div>\n\t\t\t\t<\/div>\n\t\t\t\t<div class=\"elementor-element elementor-element-fb35670 elementor-widget elementor-widget-heading\" data-id=\"fb35670\" data-element_type=\"widget\" data-widget_type=\"heading.default\">\n\t\t\t\t<div class=\"elementor-widget-container\">\n\t\t\t<h3 class=\"elementor-heading-title elementor-size-default\">Por favor revise su bandeja de spam o correos no deseados<\/h3>\t\t<\/div>\n\t\t\t\t<\/div>\n\t\t\t\t\t\t<\/div>\n\t\t\t\t\t<\/div>\n\t\t<\/div>\n\t\t\t\t\t\t\t\t<\/div>\n\t\t\t\t\t<\/div>\n\t\t<\/section>\n\t\t\t\t<section class=\"elementor-section elementor-top-section elementor-element elementor-element-e129389 elementor-section-boxed elementor-section-height-default elementor-section-height-default\" data-id=\"e129389\" data-element_type=\"section\">\n\t\t\t\t\t\t<div class=\"elementor-container elementor-column-gap-default\">\n\t\t\t\t\t\t\t<div class=\"elementor-row\">\n\t\t\t\t\t<div class=\"elementor-column elementor-col-100 elementor-top-column elementor-element elementor-element-00e1fd9\" data-id=\"00e1fd9\" data-element_type=\"column\">\n\t\t\t<div class=\"elementor-column-wrap elementor-element-populated\">\n\t\t\t\t\t\t\t<div class=\"elementor-widget-wrap\">\n\t\t\t\t\t\t<div class=\"elementor-element elementor-element-d069a00 elementor-widget elementor-widget-spacer\" data-id=\"d069a00\" data-element_type=\"widget\" data-widget_type=\"spacer.default\">\n\t\t\t\t<div class=\"elementor-widget-container\">\n\t\t\t\t\t<div class=\"elementor-spacer\">\n\t\t\t<div class=\"elementor-spacer-inner\"><\/div>\n\t\t<\/div>\n\t\t\t\t<\/div>\n\t\t\t\t<\/div>\n\t\t\t\t\t\t<\/div>\n\t\t\t\t\t<\/div>\n\t\t<\/div>\n\t\t\t\t\t\t\t\t<\/div>\n\t\t\t\t\t<\/div>\n\t\t<\/section>\n\t\t\t\t\t\t<\/div>\n\t\t\t\t\t\t<\/div>\n\t\t\t\t\t<\/div>\n\t\t","protected":false},"excerpt":{"rendered":"<p>Restablecer la contrase\u00f1a \u0447\u0435\u0441\u0442\u043d\u044b\u0435 \u043a\u0430\u0437\u0438\u043d\u043e \u0441 \u0431\u044b\u0441\u0442\u0440\u044b\u043c\u0438 \u0432\u044b\u043f\u043b\u0430\u0442\u0430\u043c\u0438 \u0431\u0435\u0437\u0434\u0435\u043f\u043e\u0437\u0438\u0442\u043d\u044b\u0435 \u0431\u043e\u043d\u0443\u0441\u044b \u043a\u0430\u0437\u0438\u043d\u043e \u0438\u0433\u0440\u0430\u0442\u044c \u0432 \u043b\u0443\u0447\u0448\u0435\u043c \u043a\u0430\u0437\u0438\u043d\u043e \u043d\u0430 \u0434\u0435\u043d\u044c\u0433\u0438 \u0431\u0430\u0437\u0430 \u043a\u0430\u0437\u0438\u043d\u043e \u0441 \u0431\u0435\u0437\u0434\u0435\u043f\u043e\u0437\u0438\u0442\u043d\u044b\u043c \u0431\u043e\u043d\u0443\u0441\u043e\u043c \u043e\u043d\u043b\u0430\u0439\u043d \u043a\u0430\u0437\u0438\u043d\u043e \u0420\u043e\u0441\u0441\u0438\u0438 casino oyunu Por favor, introduce tu direcci\u00f3n de correo electr\u00f3nico o tu nombre de usuario. Recibir\u00e1s un enlace por correo [&hellip;]<\/p>\n","protected":false},"author":4,"featured_media":0,"parent":0,"menu_order":0,"comment_status":"closed","ping_status":"closed","template":"","meta":{"om_disable_all_campaigns":false,"_monsterinsights_skip_tracking":false,"_monsterinsights_sitenote_active":false,"_monsterinsights_sitenote_note":"","_monsterinsights_sitenote_category":0},"aioseo_notices":[],"_links":{"self":[{"href":"https:\/\/movelac.com\/online\/wp-json\/wp\/v2\/pages\/7641"}],"collection":[{"href":"https:\/\/movelac.com\/online\/wp-json\/wp\/v2\/pages"}],"about":[{"href":"https:\/\/movelac.com\/online\/wp-json\/wp\/v2\/types\/page"}],"author":[{"embeddable":true,"href":"https:\/\/movelac.com\/online\/wp-json\/wp\/v2\/users\/4"}],"replies":[{"embeddable":true,"href":"https:\/\/movelac.com\/online\/wp-json\/wp\/v2\/comments?post=7641"}],"version-history":[{"count":8,"href":"https:\/\/movelac.com\/online\/wp-json\/wp\/v2\/pages\/7641\/revisions"}],"predecessor-version":[{"id":12100,"href":"https:\/\/movelac.com\/online\/wp-json\/wp\/v2\/pages\/7641\/revisions\/12100"}],"wp:attachment":[{"href":"https:\/\/movelac.com\/online\/wp-json\/wp\/v2\/media?parent=7641"}],"curies":[{"name":"wp","href":"https:\/\/api.w.org\/{rel}","templated":true}]}}